{"id":354,"date":"2020-10-22T19:00:08","date_gmt":"2020-10-22T19:00:08","guid":{"rendered":"https:\/\/fogjama.com\/?page_id=354"},"modified":"2025-07-20T22:36:52","modified_gmt":"2025-07-20T22:36:52","slug":"performance","status":"publish","type":"page","link":"https:\/\/fogjama.com\/fr\/performance\/","title":{"rendered":"Performance"},"content":{"rendered":"<p>Parfois, je fais des choses devant les gens. Je chante, je joue, je cours devant la cam\u00e9ra\u2026 Je n&#039;en parle \u00e0 personne.<\/p><h4 class=\"wp-block-heading\">Sc\u00e8ne<\/h4><ul class=\"wp-block-list\"><li><em>Jules Cesare<\/em>, GF Handel (2013) \u2014 Ch\u0153ur (Bloomsbury Festival, Londres)<\/li>\n\n<li>Savoy Jazz Choir (2011 \u2013 2013) \u2014 (Goodenough College, Londres)<\/li>\n\n<li><em>Eug\u00e8ne On\u00e9guine<\/em>, PI Tcha\u00efkovski (2012) \u2014 Ch\u0153ur (Rydale Festival, Yorkshire)<\/li>\n\n<li><em>La mari\u00e9e vendue<\/em>,B. Smetana (2012) \u2014 Micha (London Youth Opera, Londres)<\/li>\n\n<li><em>Macbeth<\/em>, W. Shakespeare (2012) - Malcolm (Goodenough College, Londres)<\/li>\n\n<li>Choeur Louisbourg, choeur de chambre semi-professionnel (2007 \u2013 2011) (Moncton)<\/li>\n\n<li><em>Les Bavards<\/em>, J. Offenbach (2011) \u2014 Sarmiento (Universit\u00e9 de Moncton, Moncton)<\/li>\n\n<li>Ch\u0153ur des jeunes du Nouveau-Brunswick (2009, 2010)<\/li>\n\n<li><em>Baba Yaga : Sorci\u00e8re de la for\u00eat<\/em>, J. Fogarty (2010) \u2014 Koschei l&#039;Immortel (Universit\u00e9 de Moncton, Moncton)<\/li>\n\n<li>Ch\u0153ur de l&#039;Universit\u00e9 de Moncton (2005 \u2013 2009)<\/li>\n\n<li><em>L&#039;Etoile<\/em>, E. Chabrier (2009) \u2014 Siroco (Universit\u00e9 de Moncton, Moncton)<\/li>\n\n<li><em>Cosi fan tutte<\/em>, WA Mozart (2008) \u2014 Don Alfonso (Universit\u00e9 de Moncton, Moncton)<\/li>\n\n<li><em>Tour de vis<\/em>, B. Britten (2007) \u2014 Douglas (Prologue) (Universit\u00e9 de Moncton, Moncton)<\/li>\n\n<li><em>Die Zauberflotte<\/em>, WA Mozart (2006) \u2014 Esclave ; Choriste (Universit\u00e9 de Moncton, Moncton)<\/li><\/ul><h4 class=\"wp-block-heading\">Direction et direction musicale<\/h4><ul class=\"wp-block-list\"><li>Savoy Jazz Choir (2012 \u2013 2013) \u2014 Chef d&#039;orchestre (Goodenough College, Londres)<\/li>\n\n<li>Goodenough Early Music Chamber Choir (2012 \u2013 2013) \u2014 Chef d&#039;orchestre (Goodenough College, Londres)<\/li>\n\n<li><em>Macbeth<\/em>, W. Shakespeare (2012) \u2014 Compositeur et directeur musical (Goodenough College, Londres)<\/li>\n\n<li>Ensemble vocal f\u00e9minin de l&#039;Universit\u00e9 de Moncton (2009 \u2013 2011) \u2014 Fondatrice, chef d&#039;orchestre (Moncton, Canada)<\/li>\n\n<li>Orchestre \u00e0 cordes de l&#039;Universit\u00e9 de Moncton (2010 \u2013 2011) \u2014 Chef d&#039;orchestre (Moncton, Canada)<\/li>\n\n<li><em>R\u00e9jouir<\/em>, Jeffrey Aimes (2010) \u2014 Direction de la chorale du D\u00e9partement de musique de l&#039;Universit\u00e9 de Moncton<\/li>\n\n<li><em>Carisme<\/em>, Jaime M. Zenamon (2010) \u2014 Orchestre \u00e0 cordes r\u00e9p\u00e9t\u00e9 et dirig\u00e9 (Universit\u00e9 de Moncton, Canada)<\/li>\n\n<li><em>Un r\u00eave<\/em>, Simon Bourget (2009) \u2014 Premi\u00e8re mondiale r\u00e9p\u00e9t\u00e9e et dirig\u00e9e (Universit\u00e9 de Moncton, Canada)<\/li>\n\n<li><em>Nomis, le tueur de dragon<\/em>, Rachel C. Leger (2009) \u2014 Premi\u00e8re mondiale r\u00e9p\u00e9t\u00e9e et dirig\u00e9e (Universit\u00e9 de Moncton, Canada)<\/li>\n\n<li><em>Concerto pour piano avec accompagnement d&#039;octettes \u00e0 vent<\/em>, Colin McPhee (2008) \u2014 Orchestre de chambre r\u00e9p\u00e9t\u00e9 et dirig\u00e9<\/li>\n\n<li><em>Dans les bois<\/em>, S. Sondheim (2006) \u2014 Directeur musical et accompagnateur (Harrison Trimble High School, Moncton, Canada)<\/li>\n\n<li><em>Le son de la musique<\/em>&nbsp;(2004) \u2013Directeur musical adjoint, accompagnateur de r\u00e9p\u00e9tition (Bernice MacNaughton High School, Moncton, Canada)<\/li><\/ul>","protected":false},"excerpt":{"rendered":"<p>Parfois, je fais des choses devant des spectateurs. Je chante, je joue, je cours devant la cam\u00e9ra\u2026 Je ne le dis \u00e0 personne. Direction de sc\u00e8ne et direction musicale<\/p>","protected":false},"author":3,"featured_media":0,"parent":0,"menu_order":0,"comment_status":"closed","ping_status":"closed","template":"","meta":{"footnotes":""},"class_list":["post-354","page","type-page","status-publish","hentry"],"jetpack-related-posts":[],"jetpack_sharing_enabled":true,"_links":{"self":[{"href":"https:\/\/fogjama.com\/fr\/wp-json\/wp\/v2\/pages\/354","targetHints":{"allow":["GET"]}}],"collection":[{"href":"https:\/\/fogjama.com\/fr\/wp-json\/wp\/v2\/pages"}],"about":[{"href":"https:\/\/fogjama.com\/fr\/wp-json\/wp\/v2\/types\/page"}],"author":[{"embeddable":true,"href":"https:\/\/fogjama.com\/fr\/wp-json\/wp\/v2\/users\/3"}],"replies":[{"embeddable":true,"href":"https:\/\/fogjama.com\/fr\/wp-json\/wp\/v2\/comments?post=354"}],"version-history":[{"count":4,"href":"https:\/\/fogjama.com\/fr\/wp-json\/wp\/v2\/pages\/354\/revisions"}],"predecessor-version":[{"id":527,"href":"https:\/\/fogjama.com\/fr\/wp-json\/wp\/v2\/pages\/354\/revisions\/527"}],"wp:attachment":[{"href":"https:\/\/fogjama.com\/fr\/wp-json\/wp\/v2\/media?parent=354"}],"curies":[{"name":"wp","href":"https:\/\/api.w.org\/{rel}","templated":true}]}}