{"id":351,"date":"2025-01-31T12:25:28","date_gmt":"2025-01-31T12:25:28","guid":{"rendered":"https:\/\/fogjama.com\/?page_id=351"},"modified":"2025-01-31T12:54:38","modified_gmt":"2025-01-31T12:54:38","slug":"composition","status":"publish","type":"page","link":"https:\/\/fogjama.com\/fr\/composition\/","title":{"rendered":"Composition"},"content":{"rendered":"<p class=\"has-text-align-left\">Il \u00e9tait une fois, j\u2019\u00e9crivais de la musique. Vous pouvez trouver une liste ci-dessous, ainsi que quelques enregistrements si vous le pensez. \u00c9crivez-moi si quelque chose en particulier vous int\u00e9resse. <\/p><p><em>Remarque : les pistes en gras peuvent \u00eatre \u00e9cout\u00e9es \u00e0 l&#039;aide des lecteurs int\u00e9gr\u00e9s. L&#039;ast\u00e9risque indique un arrangement.<\/em><\/p><h4 class=\"wp-block-heading\">Choral<\/h4><ul class=\"wp-block-list\"><li>Gymnop\u00e9dies (2013) \u2014&nbsp;<em>SSAA<br><\/em>\u00c9crit pour Riversong (texte de France Daigle, laur\u00e9ate du Prix litt\u00e9raire du Gouverneur g\u00e9n\u00e9ral 2012)<\/li>\n\n<li>\u00d4 Lune (2013) \u2014 <em>SSAATB + Soprano, Piano, Fl\u00fbte<\/em> - publi\u00e9 par <a href=\"http:\/\/renforthmusic.com\/\">Musique de Renforth<\/a><\/li>\n\n<li>Morceaux de musique (2011) \u2014&nbsp;<em>SATB, &#039;Violoncelle, Orgue<br><\/em>Commande du Choeur Louisbourg<\/li>\n\n<li><strong>Tu nous as donn\u00e9 la vie<\/strong> (2011) &#8212;\u00a0<em>SSA + Pno\u00a0<\/em><br>(Ensemble vocal de l&#039;Universit\u00e9 de Moncton, 2011)<\/li><\/ul><figure class=\"wp-block-audio\"><audio controls src=\"https:\/\/fogjama.com\/wp-content\/uploads\/2025\/01\/2011-03-24_Ensemble-vocal-04.mp3\"><\/audio><\/figure><ul class=\"wp-block-list\"><li>Nuit silencieuse (2010)* \u2014&nbsp;<em>ASS<\/em><\/li>\n\n<li>Siffle un peu (2010) \u2014&nbsp;<em>SATB<br><\/em>\u00c9crit pour les Cantabile Chamber Singers<\/li>\n\n<li><strong>Va, chanson \u00e0 titre d&#039;aile<\/strong> (2010) &#8212;&nbsp;<em>SATB<br><\/em>\u00c9crit pour les Cantabile Chamber Singers (Ch\u0153ur de chambre canadien, 2011)<\/li><\/ul><figure class=\"wp-block-audio\"><audio controls src=\"https:\/\/fogjama.com\/wp-content\/uploads\/2025\/01\/FOGARTY_VaChanson.m4a\"><\/audio><\/figure><ul class=\"wp-block-list\"><li>L&#039;aube se brise sur nous (2010) -&nbsp;<em>SATB<br><\/em>\u00c9crit pour le Ch\u0153ur des jeunes du Nouveau-Brunswick<\/li>\n\n<li>Pange lingua (2008) \u2014&nbsp;<em>ASS(A)<br><\/em>\u00c9crit pour les Jeunes Chanteurs d&#039;Acadie; distribu\u00e9 par <a href=\"http:\/\/renforthmusic.com\/\">Musique de Renforth<\/a> (\u00e9galement disponible en SSATB)<\/li>\n\n<li><strong>Av\u00e9 Maria<\/strong> (2008) &#8212;<em> SSAATTBB&nbsp;<\/em>\u2014 distribu\u00e9 par <a href=\"http:\/\/renforthmusic.com\/\">Musique de Renforth<\/a> (Ch\u0153ur de chambre du Canada, 2009)<\/li><\/ul><figure class=\"wp-block-audio\"><audio controls src=\"https:\/\/fogjama.com\/wp-content\/uploads\/2025\/01\/FOGARTY_AveMaria.mp3\"><\/audio><\/figure><h4 class=\"wp-block-heading\">Ensemble et instrumental<\/h4><ul class=\"wp-block-list\"><li>Peler un fruit (2012) \u2014&nbsp;<em>Mezzo-soprano, gar\u00e7on soprano, ch\u0153ur SATB, percussions<\/em><\/li>\n\n<li>Que ton chemin ne soit pas barr\u00e9 (2012) -&nbsp;<em>Petit Orchestre<\/em><\/li>\n\n<li>Esquisses d&#039;un d\u00e9cor oubli\u00e9 (2012) \u2014&nbsp;<em>Fl, Hn, Pno, Vln, Vla, Vc<\/em><\/li>\n\n<li>\u00c9chos ombrag\u00e9s d&#039;une colline orient\u00e9e au sud (2012) \u2014&nbsp;<em>Clavecin<\/em><\/li>\n\n<li>Trois Pi\u00e8ces Acadiennes (2010)* \u2014&nbsp;<em>Soprano, Fl, Vln, Pno<\/em><\/li><\/ul><figure class=\"wp-block-audio\"><audio controls src=\"https:\/\/fogjama.com\/wp-content\/uploads\/2025\/01\/FOGARTY_ViolinSonata-I.mp3\"><\/audio><figcaption class=\"wp-element-caption\"><em><sup>Sonate pour violon inachev\u00e9e \u2013 I. (James Fogarty, Mary Blake Bonn)<\/sup><\/em><\/figcaption><\/figure><h4 class=\"wp-block-heading\">Op\u00e9ra et chant<\/h4><ul class=\"wp-block-list\"><li>Chanson du jardinier fou (2010) -<em> Soprano + Pno<\/em><\/li>\n\n<li><strong>Baba Yaga : Sorci\u00e8re des for\u00eats<\/strong>t (2009)<\/li><\/ul><figure class=\"wp-block-audio\"><audio controls src=\"https:\/\/fogjama.com\/wp-content\/uploads\/2025\/01\/FOGARTY_BabaYaga-Ouverture.mp3\"><\/audio><figcaption class=\"wp-element-caption\"><em><sup>Baba Yaga : Sorci\u00e8re de la for\u00eat \u2013 Ouverture (Atelier d&#039;op\u00e9ra de l&#039;Universit\u00e9 de Moncton, 2009)<\/sup><\/em><\/figcaption><\/figure><figure class=\"wp-block-audio\"><audio controls src=\"https:\/\/fogjama.com\/wp-content\/uploads\/2025\/01\/FOGARTY_BabaYaga-Entrace11.mp3\"><\/audio><figcaption class=\"wp-element-caption\"><em><sup>Baba Yaga : Sorci\u00e8re de la for\u00eat \u2013 Entr&#039;acte et d\u00e9but de l&#039;acte 2 (Atelier d&#039;op\u00e9ra de l&#039;Universit\u00e9 de Moncton, 2009)<\/sup><\/em><\/figcaption><\/figure><figure class=\"wp-block-audio\"><audio controls src=\"https:\/\/fogjama.com\/wp-content\/uploads\/2025\/01\/FOGARTY_BabaYaga-FinalChorus.mp3\"><\/audio><figcaption class=\"wp-element-caption\"><em><sup>Baba Yaga : Sorci\u00e8re de la for\u00eat \u2013 Ch\u0153ur final (Atelier d&#039;op\u00e9ra de l&#039;Universit\u00e9 de Moncton, 2009)<\/sup><\/em><\/figcaption><\/figure><h4 class=\"wp-block-heading\">Th\u00e9\u00e2tre<\/h4><ul class=\"wp-block-list\"><li>Didon, reine de Carthage (2013) - Lazarus Theatre Company, Londres<\/li>\n\n<li>Lear (2013) - Lazarus Theatre Company, Londres<\/li>\n\n<li>\u0152dipe (2013) - Lazarus Theatre Company, Londres<\/li>\n\n<li>Macbeth (2012) - Goodenough College, Londres<\/li>\n\n<li>Les muses orphelines (2008) \u2014 Universit\u00e9 de Moncton, Moncton<\/li><\/ul><h4 class=\"wp-block-heading\">Audio-visuel<\/h4><ul class=\"wp-block-list\"><li>(2013) Musique originale pour court m\u00e9trage documentaire de Paul Wyatt pour la Royal Society of Art<\/li>\n\n<li>(2009) Musique des 13 premi\u00e8res minutes d&#039;un film muet des ann\u00e9es 1920 <em>Homme avec une cam\u00e9ra de cin\u00e9ma<\/em>; \u00e9crit pour le festival Shattering the Silence \u00e0 Wolfville, Nouvelle-\u00c9cosse<\/li><\/ul>","protected":false},"excerpt":{"rendered":"<p>Il \u00e9tait une fois, j&#039;\u00e9crivais de la musique. Vous trouverez ci-dessous une liste, ainsi que quelques enregistrements si vous le souhaitez. N&#039;h\u00e9sitez pas \u00e0 me contacter si quelque chose vous int\u00e9resse en particulier. Remarque : les pistes en gras peuvent \u00eatre \u00e9cout\u00e9es \u00e0 l&#039;aide des lecteurs int\u00e9gr\u00e9s. L&#039;ast\u00e9risque indique un arrangement. Ensemble choral et op\u00e9ra instrumental [\u2026]<\/p>","protected":false},"author":3,"featured_media":0,"parent":0,"menu_order":0,"comment_status":"closed","ping_status":"closed","template":"","meta":{"footnotes":""},"class_list":["post-351","page","type-page","status-publish","hentry"],"jetpack-related-posts":[],"jetpack_sharing_enabled":true,"_links":{"self":[{"href":"https:\/\/fogjama.com\/fr\/wp-json\/wp\/v2\/pages\/351","targetHints":{"allow":["GET"]}}],"collection":[{"href":"https:\/\/fogjama.com\/fr\/wp-json\/wp\/v2\/pages"}],"about":[{"href":"https:\/\/fogjama.com\/fr\/wp-json\/wp\/v2\/types\/page"}],"author":[{"embeddable":true,"href":"https:\/\/fogjama.com\/fr\/wp-json\/wp\/v2\/users\/3"}],"replies":[{"embeddable":true,"href":"https:\/\/fogjama.com\/fr\/wp-json\/wp\/v2\/comments?post=351"}],"version-history":[{"count":7,"href":"https:\/\/fogjama.com\/fr\/wp-json\/wp\/v2\/pages\/351\/revisions"}],"predecessor-version":[{"id":508,"href":"https:\/\/fogjama.com\/fr\/wp-json\/wp\/v2\/pages\/351\/revisions\/508"}],"wp:attachment":[{"href":"https:\/\/fogjama.com\/fr\/wp-json\/wp\/v2\/media?parent=351"}],"curies":[{"name":"wp","href":"https:\/\/api.w.org\/{rel}","templated":true}]}}