{"id":16,"date":"2013-03-14T18:54:08","date_gmt":"2013-03-14T18:54:08","guid":{"rendered":"http:\/\/fogjama.com\/?page_id=16"},"modified":"2025-08-20T15:28:04","modified_gmt":"2025-08-20T15:28:04","slug":"bio","status":"publish","type":"page","link":"https:\/\/fogjama.com\/fr\/","title":{"rendered":"Sur moi"},"content":{"rendered":"<div class=\"wp-block-image\"><figure class=\"alignleft size-medium\"><a href=\"https:\/\/fogjama.com\/wp-content\/uploads\/2025\/07\/20250709_035038-scaled.jpg\"><img loading=\"lazy\" decoding=\"async\" width=\"169\" height=\"300\" src=\"https:\/\/fogjama.com\/wp-content\/uploads\/2025\/07\/20250709_035038-169x300.jpg\" alt=\"\" class=\"wp-image-511\" srcset=\"https:\/\/fogjama.com\/wp-content\/uploads\/2025\/07\/20250709_035038-169x300.jpg 169w, https:\/\/fogjama.com\/wp-content\/uploads\/2025\/07\/20250709_035038-576x1024.jpg 576w, https:\/\/fogjama.com\/wp-content\/uploads\/2025\/07\/20250709_035038-768x1365.jpg 768w, https:\/\/fogjama.com\/wp-content\/uploads\/2025\/07\/20250709_035038-864x1536.jpg 864w, https:\/\/fogjama.com\/wp-content\/uploads\/2025\/07\/20250709_035038-1152x2048.jpg 1152w, https:\/\/fogjama.com\/wp-content\/uploads\/2025\/07\/20250709_035038-7x12.jpg 7w, https:\/\/fogjama.com\/wp-content\/uploads\/2025\/07\/20250709_035038-600x1067.jpg 600w, https:\/\/fogjama.com\/wp-content\/uploads\/2025\/07\/20250709_035038-scaled.jpg 1440w\" sizes=\"auto, (max-width: 169px) 100vw, 169px\" \/><\/a><\/figure><\/div><p>Salut, je suis James. Je ne pense pas que les arts devraient se prendre trop au s\u00e9rieux, et je me r\u00e9serve le droit d&#039;appliquer le m\u00eame principe \u00e0 moi-m\u00eame.<\/p><p>Il fut un temps o\u00f9 j&#039;\u00e9tudiais le chant classique \u00e0 l&#039;Universit\u00e9 de Moncton, au Canada. J&#039;y ai d\u00e9couvert de la bonne musique et j&#039;ai jou\u00e9 dans plusieurs op\u00e9ras. C&#039;\u00e9tait vraiment g\u00e9nial. J&#039;ai aussi compos\u00e9 un peu de musique, certaines pi\u00e8ces chorales ont \u00e9t\u00e9 bien accueillies et, pour couronner le tout, j&#039;ai ajout\u00e9 un op\u00e9ra dont la premi\u00e8re a eu lieu au Th\u00e9\u00e2tre Capital de Moncton, au Nouveau-Brunswick, en janvier 2010. J&#039;ai fini par d\u00e9m\u00e9nager \u00e0 Londres (la ville d&#039;origine, pas au Canada) pour une ma\u00eetrise en composition, et j&#039;y suis toujours.<\/p><p>J&#039;ai fait une petite pause cr\u00e9ative pour travailler dans le monde r\u00e9el (j&#039;aime bien manger et je n&#039;appr\u00e9cie pas trop d&#039;\u00eatre sans abri), mais la vie sans art est terne et fade. De plus, il s&#039;av\u00e8re que la conception de processus m\u00e9tier, la gestion de projet et la prise de d\u00e9cision dans des d\u00e9lais serr\u00e9s pr\u00e9sentent de nombreuses similitudes avec l&#039;organisation d&#039;\u00e9v\u00e9nements, de concerts et la r\u00e9solution de probl\u00e8mes artistiques en g\u00e9n\u00e9ral, et s&#039;adaptent parfaitement \u00e0 la vie de plateau et aux tournages rapides. Alors, faisons-le tous ensemble, d&#039;accord\u00a0?<\/p><p>J&#039;ai r\u00e9cemment d\u00e9cid\u00e9 de me lancer dans le second r\u00f4le (c&#039;est-\u00e0-dire la figuration) au cin\u00e9ma et \u00e0 la t\u00e9l\u00e9vision. Je m&#039;\u00e9clate. Non, je ne peux pas en parler. Les accords de confidentialit\u00e9 existent.<\/p><p>Vous pouvez consulter certaines des choses que j&#039;ai faites sur les autres pages ici. Vous ne pouvez pas me contacter facilement avec un formulaire Web simple et agr\u00e9able, car les formulaires WordPress semblent tout convertir en spam et j&#039;en ai marre de tout \u00e7a. Mais vous pouvez m&#039;\u00e9crire sur LinkedIn. Ou m&#039;envoyer un e-mail sur hello @ ce site Web. Je ne recommanderais pas de battre un rythme en code Morse. Je ne connais pas le code Morse.<\/p><ul class=\"wp-block-list\"><li><em><strong>Casting de spots id\u00e9aux :<\/strong> artiste de soutien \/ arri\u00e8re-plan en vedette, s\u00e9ances photo \u00e9ditoriales et de personnages, t\u00e9l\u00e9vision et cin\u00e9ma, en particulier campagnes historiques, fantastiques et commerciales.<\/em><\/li>\n\n<li><em><strong>Signes vitaux :<\/strong> 1,78 m | \u00c2ge de jeu\u00a0: 33-38 ans | Cheveux ch\u00e2tain clair | Yeux noisette<\/em><\/li><\/ul><figure class=\"wp-block-gallery has-nested-images columns-4 is-cropped wp-block-gallery-1 is-layout-flex wp-block-gallery-is-layout-flex\"><figure class=\"wp-block-image size-large\"><a href=\"https:\/\/fogjama.com\/wp-content\/uploads\/2025\/08\/DSC09902-scaled.jpg\"><img loading=\"lazy\" decoding=\"async\" width=\"768\" height=\"1024\" data-id=\"531\" src=\"https:\/\/fogjama.com\/wp-content\/uploads\/2025\/08\/DSC09902-768x1024.jpg\" alt=\"\" class=\"wp-image-531\" srcset=\"https:\/\/fogjama.com\/wp-content\/uploads\/2025\/08\/DSC09902-768x1024.jpg 768w, https:\/\/fogjama.com\/wp-content\/uploads\/2025\/08\/DSC09902-225x300.jpg 225w, https:\/\/fogjama.com\/wp-content\/uploads\/2025\/08\/DSC09902-1152x1536.jpg 1152w, https:\/\/fogjama.com\/wp-content\/uploads\/2025\/08\/DSC09902-1536x2048.jpg 1536w, https:\/\/fogjama.com\/wp-content\/uploads\/2025\/08\/DSC09902-9x12.jpg 9w, https:\/\/fogjama.com\/wp-content\/uploads\/2025\/08\/DSC09902-600x800.jpg 600w, https:\/\/fogjama.com\/wp-content\/uploads\/2025\/08\/DSC09902-scaled.jpg 1920w\" sizes=\"auto, (max-width: 768px) 100vw, 768px\" \/><\/a><\/figure>\n\n<figure class=\"wp-block-image size-large\"><a href=\"https:\/\/fogjama.com\/wp-content\/uploads\/2025\/07\/DSC09803-scaled.jpg\"><img loading=\"lazy\" decoding=\"async\" width=\"596\" height=\"1024\" data-id=\"515\" src=\"https:\/\/fogjama.com\/wp-content\/uploads\/2025\/07\/DSC09803-596x1024.jpg\" alt=\"\" class=\"wp-image-515\" srcset=\"https:\/\/fogjama.com\/wp-content\/uploads\/2025\/07\/DSC09803-596x1024.jpg 596w, https:\/\/fogjama.com\/wp-content\/uploads\/2025\/07\/DSC09803-175x300.jpg 175w, https:\/\/fogjama.com\/wp-content\/uploads\/2025\/07\/DSC09803-768x1320.jpg 768w, https:\/\/fogjama.com\/wp-content\/uploads\/2025\/07\/DSC09803-894x1536.jpg 894w, https:\/\/fogjama.com\/wp-content\/uploads\/2025\/07\/DSC09803-1192x2048.jpg 1192w, https:\/\/fogjama.com\/wp-content\/uploads\/2025\/07\/DSC09803-7x12.jpg 7w, https:\/\/fogjama.com\/wp-content\/uploads\/2025\/07\/DSC09803-600x1031.jpg 600w, https:\/\/fogjama.com\/wp-content\/uploads\/2025\/07\/DSC09803-scaled.jpg 1490w\" sizes=\"auto, (max-width: 596px) 100vw, 596px\" \/><\/a><\/figure>\n\n<figure class=\"wp-block-image size-large\"><a href=\"https:\/\/fogjama.com\/wp-content\/uploads\/2025\/07\/DSC07202-scaled.jpg\"><img loading=\"lazy\" decoding=\"async\" width=\"517\" height=\"1024\" data-id=\"520\" src=\"https:\/\/fogjama.com\/wp-content\/uploads\/2025\/07\/DSC07202-517x1024.jpg\" alt=\"\" class=\"wp-image-520\" srcset=\"https:\/\/fogjama.com\/wp-content\/uploads\/2025\/07\/DSC07202-517x1024.jpg 517w, https:\/\/fogjama.com\/wp-content\/uploads\/2025\/07\/DSC07202-151x300.jpg 151w, https:\/\/fogjama.com\/wp-content\/uploads\/2025\/07\/DSC07202-768x1521.jpg 768w, https:\/\/fogjama.com\/wp-content\/uploads\/2025\/07\/DSC07202-776x1536.jpg 776w, https:\/\/fogjama.com\/wp-content\/uploads\/2025\/07\/DSC07202-1034x2048.jpg 1034w, https:\/\/fogjama.com\/wp-content\/uploads\/2025\/07\/DSC07202-6x12.jpg 6w, https:\/\/fogjama.com\/wp-content\/uploads\/2025\/07\/DSC07202-600x1188.jpg 600w, https:\/\/fogjama.com\/wp-content\/uploads\/2025\/07\/DSC07202-scaled.jpg 1293w\" sizes=\"auto, (max-width: 517px) 100vw, 517px\" \/><\/a><\/figure>\n\n<figure class=\"wp-block-image size-large\"><a href=\"https:\/\/fogjama.com\/wp-content\/uploads\/2025\/08\/DSC09915-scaled.jpg\"><img loading=\"lazy\" decoding=\"async\" width=\"768\" height=\"1024\" data-id=\"533\" src=\"https:\/\/fogjama.com\/wp-content\/uploads\/2025\/08\/DSC09915-768x1024.jpg\" alt=\"\" class=\"wp-image-533\" srcset=\"https:\/\/fogjama.com\/wp-content\/uploads\/2025\/08\/DSC09915-768x1024.jpg 768w, https:\/\/fogjama.com\/wp-content\/uploads\/2025\/08\/DSC09915-225x300.jpg 225w, https:\/\/fogjama.com\/wp-content\/uploads\/2025\/08\/DSC09915-1152x1536.jpg 1152w, https:\/\/fogjama.com\/wp-content\/uploads\/2025\/08\/DSC09915-1536x2048.jpg 1536w, https:\/\/fogjama.com\/wp-content\/uploads\/2025\/08\/DSC09915-9x12.jpg 9w, https:\/\/fogjama.com\/wp-content\/uploads\/2025\/08\/DSC09915-600x800.jpg 600w, https:\/\/fogjama.com\/wp-content\/uploads\/2025\/08\/DSC09915-scaled.jpg 1920w\" sizes=\"auto, (max-width: 768px) 100vw, 768px\" \/><\/a><\/figure><\/figure>","protected":false},"excerpt":{"rendered":"<p>Salut, je m&#039;appelle James. Je ne pense pas que les arts devraient se prendre trop au s\u00e9rieux, et je me r\u00e9serve le droit d&#039;appliquer ce principe \u00e0 moi-m\u00eame. Il fut un temps o\u00f9 j&#039;\u00e9tudiais le chant classique \u00e0 l&#039;Universit\u00e9 de Moncton, au Canada. J&#039;y ai d\u00e9couvert de la bonne musique et j&#039;ai jou\u00e9 dans plusieurs op\u00e9ras. C&#039;\u00e9tait vraiment g\u00e9nial. [\u2026]<\/p>","protected":false},"author":3,"featured_media":0,"parent":0,"menu_order":5,"comment_status":"closed","ping_status":"closed","template":"","meta":{"footnotes":""},"class_list":["post-16","page","type-page","status-publish","hentry"],"jetpack-related-posts":[],"jetpack_sharing_enabled":true,"_links":{"self":[{"href":"https:\/\/fogjama.com\/fr\/wp-json\/wp\/v2\/pages\/16","targetHints":{"allow":["GET"]}}],"collection":[{"href":"https:\/\/fogjama.com\/fr\/wp-json\/wp\/v2\/pages"}],"about":[{"href":"https:\/\/fogjama.com\/fr\/wp-json\/wp\/v2\/types\/page"}],"author":[{"embeddable":true,"href":"https:\/\/fogjama.com\/fr\/wp-json\/wp\/v2\/users\/3"}],"replies":[{"embeddable":true,"href":"https:\/\/fogjama.com\/fr\/wp-json\/wp\/v2\/comments?post=16"}],"version-history":[{"count":16,"href":"https:\/\/fogjama.com\/fr\/wp-json\/wp\/v2\/pages\/16\/revisions"}],"predecessor-version":[{"id":536,"href":"https:\/\/fogjama.com\/fr\/wp-json\/wp\/v2\/pages\/16\/revisions\/536"}],"wp:attachment":[{"href":"https:\/\/fogjama.com\/fr\/wp-json\/wp\/v2\/media?parent=16"}],"curies":[{"name":"wp","href":"https:\/\/api.w.org\/{rel}","templated":true}]}}